{"id":1970,"date":"2023-10-25T15:40:08","date_gmt":"2023-10-25T13:40:08","guid":{"rendered":"https:\/\/5er-gin.ch\/mentions-legales\/"},"modified":"2024-11-06T14:14:07","modified_gmt":"2024-11-06T13:14:07","slug":"mentions-legales","status":"publish","type":"page","link":"https:\/\/5er-gin.ch\/fr\/mentions-legales\/","title":{"rendered":"Mentions l\u00e9gales"},"content":{"rendered":"\t\t<div data-elementor-type=\"wp-page\" data-elementor-id=\"1970\" class=\"elementor elementor-1970 elementor-347\" data-elementor-post-type=\"page\">\n\t\t\t\t\t\t<section class=\"elementor-section elementor-top-section elementor-element elementor-element-24e4146 elementor-section-boxed elementor-section-height-default elementor-section-height-default\" data-id=\"24e4146\" data-element_type=\"section\" data-e-type=\"section\" data-settings=\"{&quot;background_background&quot;:&quot;classic&quot;}\">\n\t\t\t\t\t\t<div class=\"elementor-container elementor-column-gap-default\">\n\t\t\t\t\t<div class=\"elementor-column elementor-col-100 elementor-top-column elementor-element elementor-element-20a093a\" data-id=\"20a093a\" data-element_type=\"column\" data-e-type=\"column\">\n\t\t\t<div class=\"elementor-widget-wrap elementor-element-populated\">\n\t\t\t\t\t\t<div class=\"elementor-element elementor-element-093d5fe elementor-widget elementor-widget-heading\" data-id=\"093d5fe\" data-element_type=\"widget\" data-e-type=\"widget\" data-widget_type=\"heading.default\">\n\t\t\t\t<div class=\"elementor-widget-container\">\n\t\t\t\t\t<h1 class=\"elementor-heading-title elementor-size-default\">Adresse de contact<\/h1>\t\t\t\t<\/div>\n\t\t\t\t<\/div>\n\t\t\t\t<div class=\"elementor-element elementor-element-0f04f36 elementor-widget elementor-widget-text-editor\" data-id=\"0f04f36\" data-element_type=\"widget\" data-e-type=\"widget\" data-widget_type=\"text-editor.default\">\n\t\t\t\t<div class=\"elementor-widget-container\">\n\t\t\t\t\t\t\t\t\t5er GmbH<br>\nSchweizerhubelstrasse 9<br>\n3052 Zollikofen<br>\nSchweiz<br>\nkontakt@5er-gin.ch<br>\n076 454 32 37<br>\t\t\t\t\t\t\t\t<\/div>\n\t\t\t\t<\/div>\n\t\t\t\t<div class=\"elementor-element elementor-element-1cde39f elementor-widget elementor-widget-heading\" data-id=\"1cde39f\" data-element_type=\"widget\" data-e-type=\"widget\" data-widget_type=\"heading.default\">\n\t\t\t\t<div class=\"elementor-widget-container\">\n\t\t\t\t\t<h2 class=\"elementor-heading-title elementor-size-default\">Personnes autoris\u00e9es \u00e0 repr\u00e9senter l'association<\/h2>\t\t\t\t<\/div>\n\t\t\t\t<\/div>\n\t\t\t\t<div class=\"elementor-element elementor-element-f451339 elementor-widget elementor-widget-text-editor\" data-id=\"f451339\" data-element_type=\"widget\" data-e-type=\"widget\" data-widget_type=\"text-editor.default\">\n\t\t\t\t<div class=\"elementor-widget-container\">\n\t\t\t\t\t\t\t\t\t<p>Sascha Patrick Funk,<br \/>Associ\u00e9s et directeurs<\/p>\n\t\t\t\t\t\t\t\t<\/div>\n\t\t\t\t<\/div>\n\t\t\t\t<div class=\"elementor-element elementor-element-44fdee3 elementor-widget elementor-widget-heading\" data-id=\"44fdee3\" data-element_type=\"widget\" data-e-type=\"widget\" data-widget_type=\"heading.default\">\n\t\t\t\t<div class=\"elementor-widget-container\">\n\t\t\t\t\t<h2 class=\"elementor-heading-title elementor-size-default\">Conception de sites web et r\u00e9f\u00e9rencement<\/h2>\t\t\t\t<\/div>\n\t\t\t\t<\/div>\n\t\t\t\t<div class=\"elementor-element elementor-element-b26fdec elementor-widget elementor-widget-text-editor\" data-id=\"b26fdec\" data-element_type=\"widget\" data-e-type=\"widget\" data-widget_type=\"text-editor.default\">\n\t\t\t\t<div class=\"elementor-widget-container\">\n\t\t\t\t\t\t\t\t\t<p class=\"p2\">Webdesign et SEO par l&rsquo;agence de <a href=\"https:\/\/dartera.ch\/webdesign-bern\/\" target=\"_blank\" rel=\"noopener\">webdesign de Berne dartera<\/a><\/p>\n\t\t\t\t\t\t\t\t<\/div>\n\t\t\t\t<\/div>\n\t\t\t\t<div class=\"elementor-element elementor-element-1fed85e elementor-widget elementor-widget-heading\" data-id=\"1fed85e\" data-element_type=\"widget\" data-e-type=\"widget\" data-widget_type=\"heading.default\">\n\t\t\t\t<div class=\"elementor-widget-container\">\n\t\t\t\t\t<h2 class=\"elementor-heading-title elementor-size-default\">Inscription au registre du commerce<\/h2>\t\t\t\t<\/div>\n\t\t\t\t<\/div>\n\t\t\t\t<div class=\"elementor-element elementor-element-bf06b2a elementor-widget elementor-widget-text-editor\" data-id=\"bf06b2a\" data-element_type=\"widget\" data-e-type=\"widget\" data-widget_type=\"text-editor.default\">\n\t\t\t\t<div class=\"elementor-widget-container\">\n\t\t\t\t\t\t\t\t\t<h2>Nom de l&rsquo;entreprise enregistr\u00e9e : 5er GmbH<\/h2>\n\t\t\t\t\t\t\t\t<\/div>\n\t\t\t\t<\/div>\n\t\t\t\t<div class=\"elementor-element elementor-element-1e5df0f elementor-widget elementor-widget-text-editor\" data-id=\"1e5df0f\" data-element_type=\"widget\" data-e-type=\"widget\" data-widget_type=\"text-editor.default\">\n\t\t\t\t<div class=\"elementor-widget-container\">\n\t\t\t\t\t\t\t\t\t<p class=\"p2\">Num\u00e9ro : CHE-482.174.588<\/p>\n\t\t\t\t\t\t\t\t<\/div>\n\t\t\t\t<\/div>\n\t\t\t\t<div class=\"elementor-element elementor-element-cbe47a9 elementor-widget elementor-widget-heading\" data-id=\"cbe47a9\" data-element_type=\"widget\" data-e-type=\"widget\" data-widget_type=\"heading.default\">\n\t\t\t\t<div class=\"elementor-widget-container\">\n\t\t\t\t\t<h2 class=\"elementor-heading-title elementor-size-default\">Clause de non-responsabilit\u00e9<\/h2>\t\t\t\t<\/div>\n\t\t\t\t<\/div>\n\t\t\t\t<div class=\"elementor-element elementor-element-12bde45 elementor-widget elementor-widget-text-editor\" data-id=\"12bde45\" data-element_type=\"widget\" data-e-type=\"widget\" data-widget_type=\"text-editor.default\">\n\t\t\t\t<div class=\"elementor-widget-container\">\n\t\t\t\t\t\t\t\t\t<p class=\"p2\">L&rsquo;auteur ne saurait \u00eatre tenu pour responsable des dommages mat\u00e9riels ou immat\u00e9riels qui pourraient \u00eatre caus\u00e9s par l&rsquo;acc\u00e8s aux informations diffus\u00e9es ou par leur utilisation ou non-utilisation, par le mauvais usage de la connexion ou par des probl\u00e8mes techniques. L&rsquo;auteur ne saurait \u00eatre tenu pour responsable des dommages mat\u00e9riels ou immat\u00e9riels qui pourraient \u00eatre caus\u00e9s par l&rsquo;acc\u00e8s aux informations diffus\u00e9es ou par leur utilisation ou non-utilisation, par le mauvais usage de la connexion ou par des probl\u00e8mes techniques. Toutes les offres sont sans engagement. L&rsquo;auteur se r\u00e9serve express\u00e9ment le droit de modifier, de compl\u00e9ter ou de supprimer des parties de pages ou l&rsquo;ensemble de l&rsquo;offre sans avis pr\u00e9alable, ou d&rsquo;en suspendre temporairement ou d\u00e9finitivement la publication.<\/p>\n\t\t\t\t\t\t\t\t<\/div>\n\t\t\t\t<\/div>\n\t\t\t\t<div class=\"elementor-element elementor-element-4630c7b elementor-widget elementor-widget-heading\" data-id=\"4630c7b\" data-element_type=\"widget\" data-e-type=\"widget\" data-widget_type=\"heading.default\">\n\t\t\t\t<div class=\"elementor-widget-container\">\n\t\t\t\t\t<h2 class=\"elementor-heading-title elementor-size-default\">Responsabilit\u00e9 pour les liens<\/h2>\t\t\t\t<\/div>\n\t\t\t\t<\/div>\n\t\t\t\t<div class=\"elementor-element elementor-element-e3d3c39 elementor-widget elementor-widget-text-editor\" data-id=\"e3d3c39\" data-element_type=\"widget\" data-e-type=\"widget\" data-widget_type=\"text-editor.default\">\n\t\t\t\t<div class=\"elementor-widget-container\">\n\t\t\t\t\t\t\t\t\t<p class=\"p2\">Les renvois et liens vers des sites web de tiers ne rel\u00e8vent pas de notre responsabilit\u00e9. Nous d\u00e9clinons toute responsabilit\u00e9 pour de tels sites web. L&rsquo;acc\u00e8s \u00e0 de tels sites et leur utilisation se font aux risques et p\u00e9rils de l&rsquo;utilisateur ou de l&rsquo;utilisatrice.<\/p>\n\t\t\t\t\t\t\t\t<\/div>\n\t\t\t\t<\/div>\n\t\t\t\t<div class=\"elementor-element elementor-element-a42e699 elementor-widget elementor-widget-heading\" data-id=\"a42e699\" data-element_type=\"widget\" data-e-type=\"widget\" data-widget_type=\"heading.default\">\n\t\t\t\t<div class=\"elementor-widget-container\">\n\t\t\t\t\t<h2 class=\"elementor-heading-title elementor-size-default\">Droits d'auteur\n<\/h2>\t\t\t\t<\/div>\n\t\t\t\t<\/div>\n\t\t\t\t<div class=\"elementor-element elementor-element-795d928 elementor-widget elementor-widget-text-editor\" data-id=\"795d928\" data-element_type=\"widget\" data-e-type=\"widget\" data-widget_type=\"text-editor.default\">\n\t\t\t\t<div class=\"elementor-widget-container\">\n\t\t\t\t\t\t\t\t\t<p class=\"p2\">Les droits d&rsquo;auteur et tous les autres droits relatifs aux contenus, images, photos ou autres fichiers pr\u00e9sents sur le site web appartiennent exclusivement \u00e0 la soci\u00e9t\u00e9 5er GmbH ou aux titulaires de droits sp\u00e9cialement cit\u00e9s. Pour la reproduction de tout \u00e9l\u00e9ment, l&rsquo;accord \u00e9crit des d\u00e9tenteurs des droits d&rsquo;auteur doit \u00eatre obtenu au pr\u00e9alable.<\/p>\n\t\t\t\t\t\t\t\t<\/div>\n\t\t\t\t<\/div>\n\t\t\t\t<div class=\"elementor-element elementor-element-ef350b7 elementor-widget elementor-widget-heading\" data-id=\"ef350b7\" data-element_type=\"widget\" data-e-type=\"widget\" data-widget_type=\"heading.default\">\n\t\t\t\t<div class=\"elementor-widget-container\">\n\t\t\t\t\t<h2 class=\"elementor-heading-title elementor-size-default\">Source<\/h2>\t\t\t\t<\/div>\n\t\t\t\t<\/div>\n\t\t\t\t<div class=\"elementor-element elementor-element-5581cd9 elementor-widget elementor-widget-text-editor\" data-id=\"5581cd9\" data-element_type=\"widget\" data-e-type=\"widget\" data-widget_type=\"text-editor.default\">\n\t\t\t\t<div class=\"elementor-widget-container\">\n\t\t\t\t\t\t\t\t\t<p class=\"p2\">Ces mentions l\u00e9gales ont \u00e9t\u00e9 cr\u00e9\u00e9es le 24.10.2023 avec le g\u00e9n\u00e9rateur de mentions l\u00e9gales de l&rsquo;agence de design web Webk\u00f6nig. L&rsquo;agence Webk\u00f6nig n&rsquo;assume aucune responsabilit\u00e9.<\/p>\n\t\t\t\t\t\t\t\t<\/div>\n\t\t\t\t<\/div>\n\t\t\t\t\t<\/div>\n\t\t<\/div>\n\t\t\t\t\t<\/div>\n\t\t<\/section>\n\t\t\t\t<\/div>\n\t\t","protected":false},"excerpt":{"rendered":"<p>Adresse de contact 5er GmbH Schweizerhubelstrasse 9 3052 Zollikofen Schweiz kontakt@5er-gin.ch 076 454 32 37 Personnes autoris\u00e9es \u00e0 repr\u00e9senter l&rsquo;association Sascha Patrick Funk,Associ\u00e9s et directeurs Conception de sites web et r\u00e9f\u00e9rencement Webdesign et SEO par l&rsquo;agence de webdesign de Berne&#8230;<\/p>\n","protected":false},"author":1,"featured_media":0,"parent":0,"menu_order":0,"comment_status":"closed","ping_status":"closed","template":"elementor_header_footer","meta":{"footnotes":""},"class_list":["post-1970","page","type-page","status-publish","hentry"],"yoast_head":"<!-- This site is optimized with the Yoast SEO plugin v27.6 - https:\/\/yoast.com\/product\/yoast-seo-wordpress\/ -->\n<title>Mentions l\u00e9gales - 5er GmbH<\/title>\n<meta name=\"robots\" content=\"index, follow, max-snippet:-1, max-image-preview:large, max-video-preview:-1\" \/>\n<link rel=\"canonical\" href=\"https:\/\/5er-gin.ch\/impressum\/\" \/>\n<meta property=\"og:locale\" content=\"fr_FR\" \/>\n<meta property=\"og:type\" content=\"article\" \/>\n<meta property=\"og:title\" content=\"Mentions l\u00e9gales - 5er GmbH\" \/>\n<meta property=\"og:description\" content=\"Adresse de contact 5er GmbH Schweizerhubelstrasse 9 3052 Zollikofen Schweiz kontakt@5er-gin.ch 076 454 32 37 Personnes autoris\u00e9es \u00e0 repr\u00e9senter l&rsquo;association Sascha Patrick Funk,Associ\u00e9s et directeurs Conception de sites web et r\u00e9f\u00e9rencement Webdesign et SEO par l&rsquo;agence de webdesign de Berne...\" \/>\n<meta property=\"og:url\" content=\"https:\/\/5er-gin.ch\/impressum\/\" \/>\n<meta property=\"og:site_name\" content=\"5er GmbH\" \/>\n<meta property=\"article:modified_time\" content=\"2024-11-06T13:14:07+00:00\" \/>\n<meta name=\"twitter:card\" content=\"summary_large_image\" \/>\n<meta name=\"twitter:label1\" content=\"Dur\u00e9e de lecture estim\u00e9e\" \/>\n\t<meta name=\"twitter:data1\" content=\"2 minutes\" \/>\n<script type=\"application\/ld+json\" class=\"yoast-schema-graph\">{\"@context\":\"https:\\\/\\\/schema.org\",\"@graph\":[{\"@type\":\"WebPage\",\"@id\":\"https:\\\/\\\/5er-gin.ch\\\/impressum\\\/\",\"url\":\"https:\\\/\\\/5er-gin.ch\\\/impressum\\\/\",\"name\":\"Mentions l\u00e9gales - 5er GmbH\",\"isPartOf\":{\"@id\":\"https:\\\/\\\/5er-gin.ch\\\/#website\"},\"datePublished\":\"2023-10-25T13:40:08+00:00\",\"dateModified\":\"2024-11-06T13:14:07+00:00\",\"breadcrumb\":{\"@id\":\"https:\\\/\\\/5er-gin.ch\\\/impressum\\\/#breadcrumb\"},\"inLanguage\":\"fr-FR\",\"potentialAction\":[{\"@type\":\"ReadAction\",\"target\":[\"https:\\\/\\\/5er-gin.ch\\\/impressum\\\/\"]}]},{\"@type\":\"BreadcrumbList\",\"@id\":\"https:\\\/\\\/5er-gin.ch\\\/impressum\\\/#breadcrumb\",\"itemListElement\":[{\"@type\":\"ListItem\",\"position\":1,\"name\":\"Startseite\",\"item\":\"https:\\\/\\\/5er-gin.ch\\\/\"},{\"@type\":\"ListItem\",\"position\":2,\"name\":\"Mentions l\u00e9gales\"}]},{\"@type\":\"WebSite\",\"@id\":\"https:\\\/\\\/5er-gin.ch\\\/#website\",\"url\":\"https:\\\/\\\/5er-gin.ch\\\/\",\"name\":\"5er GmbH\",\"description\":\"\",\"publisher\":{\"@id\":\"https:\\\/\\\/5er-gin.ch\\\/#organization\"},\"potentialAction\":[{\"@type\":\"SearchAction\",\"target\":{\"@type\":\"EntryPoint\",\"urlTemplate\":\"https:\\\/\\\/5er-gin.ch\\\/?s={search_term_string}\"},\"query-input\":{\"@type\":\"PropertyValueSpecification\",\"valueRequired\":true,\"valueName\":\"search_term_string\"}}],\"inLanguage\":\"fr-FR\"},{\"@type\":\"Organization\",\"@id\":\"https:\\\/\\\/5er-gin.ch\\\/#organization\",\"name\":\"5er GmbH\",\"url\":\"https:\\\/\\\/5er-gin.ch\\\/\",\"logo\":{\"@type\":\"ImageObject\",\"inLanguage\":\"fr-FR\",\"@id\":\"https:\\\/\\\/5er-gin.ch\\\/#\\\/schema\\\/logo\\\/image\\\/\",\"url\":\"https:\\\/\\\/5er-gin.ch\\\/wp-content\\\/uploads\\\/2023\\\/10\\\/fhfhrt-1.svg\",\"contentUrl\":\"https:\\\/\\\/5er-gin.ch\\\/wp-content\\\/uploads\\\/2023\\\/10\\\/fhfhrt-1.svg\",\"width\":430,\"height\":453,\"caption\":\"5er GmbH\"},\"image\":{\"@id\":\"https:\\\/\\\/5er-gin.ch\\\/#\\\/schema\\\/logo\\\/image\\\/\"}}]}<\/script>\n<!-- \/ Yoast SEO plugin. -->","yoast_head_json":{"title":"Mentions l\u00e9gales - 5er GmbH","robots":{"index":"index","follow":"follow","max-snippet":"max-snippet:-1","max-image-preview":"max-image-preview:large","max-video-preview":"max-video-preview:-1"},"canonical":"https:\/\/5er-gin.ch\/impressum\/","og_locale":"fr_FR","og_type":"article","og_title":"Mentions l\u00e9gales - 5er GmbH","og_description":"Adresse de contact 5er GmbH Schweizerhubelstrasse 9 3052 Zollikofen Schweiz kontakt@5er-gin.ch 076 454 32 37 Personnes autoris\u00e9es \u00e0 repr\u00e9senter l&rsquo;association Sascha Patrick Funk,Associ\u00e9s et directeurs Conception de sites web et r\u00e9f\u00e9rencement Webdesign et SEO par l&rsquo;agence de webdesign de Berne...","og_url":"https:\/\/5er-gin.ch\/impressum\/","og_site_name":"5er GmbH","article_modified_time":"2024-11-06T13:14:07+00:00","twitter_card":"summary_large_image","twitter_misc":{"Dur\u00e9e de lecture estim\u00e9e":"2 minutes"},"schema":{"@context":"https:\/\/schema.org","@graph":[{"@type":"WebPage","@id":"https:\/\/5er-gin.ch\/impressum\/","url":"https:\/\/5er-gin.ch\/impressum\/","name":"Mentions l\u00e9gales - 5er GmbH","isPartOf":{"@id":"https:\/\/5er-gin.ch\/#website"},"datePublished":"2023-10-25T13:40:08+00:00","dateModified":"2024-11-06T13:14:07+00:00","breadcrumb":{"@id":"https:\/\/5er-gin.ch\/impressum\/#breadcrumb"},"inLanguage":"fr-FR","potentialAction":[{"@type":"ReadAction","target":["https:\/\/5er-gin.ch\/impressum\/"]}]},{"@type":"BreadcrumbList","@id":"https:\/\/5er-gin.ch\/impressum\/#breadcrumb","itemListElement":[{"@type":"ListItem","position":1,"name":"Startseite","item":"https:\/\/5er-gin.ch\/"},{"@type":"ListItem","position":2,"name":"Mentions l\u00e9gales"}]},{"@type":"WebSite","@id":"https:\/\/5er-gin.ch\/#website","url":"https:\/\/5er-gin.ch\/","name":"5er GmbH","description":"","publisher":{"@id":"https:\/\/5er-gin.ch\/#organization"},"potentialAction":[{"@type":"SearchAction","target":{"@type":"EntryPoint","urlTemplate":"https:\/\/5er-gin.ch\/?s={search_term_string}"},"query-input":{"@type":"PropertyValueSpecification","valueRequired":true,"valueName":"search_term_string"}}],"inLanguage":"fr-FR"},{"@type":"Organization","@id":"https:\/\/5er-gin.ch\/#organization","name":"5er GmbH","url":"https:\/\/5er-gin.ch\/","logo":{"@type":"ImageObject","inLanguage":"fr-FR","@id":"https:\/\/5er-gin.ch\/#\/schema\/logo\/image\/","url":"https:\/\/5er-gin.ch\/wp-content\/uploads\/2023\/10\/fhfhrt-1.svg","contentUrl":"https:\/\/5er-gin.ch\/wp-content\/uploads\/2023\/10\/fhfhrt-1.svg","width":430,"height":453,"caption":"5er GmbH"},"image":{"@id":"https:\/\/5er-gin.ch\/#\/schema\/logo\/image\/"}}]}},"_links":{"self":[{"href":"https:\/\/5er-gin.ch\/fr\/wp-json\/wp\/v2\/pages\/1970","targetHints":{"allow":["GET"]}}],"collection":[{"href":"https:\/\/5er-gin.ch\/fr\/wp-json\/wp\/v2\/pages"}],"about":[{"href":"https:\/\/5er-gin.ch\/fr\/wp-json\/wp\/v2\/types\/page"}],"author":[{"embeddable":true,"href":"https:\/\/5er-gin.ch\/fr\/wp-json\/wp\/v2\/users\/1"}],"replies":[{"embeddable":true,"href":"https:\/\/5er-gin.ch\/fr\/wp-json\/wp\/v2\/comments?post=1970"}],"version-history":[{"count":4,"href":"https:\/\/5er-gin.ch\/fr\/wp-json\/wp\/v2\/pages\/1970\/revisions"}],"predecessor-version":[{"id":2258,"href":"https:\/\/5er-gin.ch\/fr\/wp-json\/wp\/v2\/pages\/1970\/revisions\/2258"}],"wp:attachment":[{"href":"https:\/\/5er-gin.ch\/fr\/wp-json\/wp\/v2\/media?parent=1970"}],"curies":[{"name":"wp","href":"https:\/\/api.w.org\/{rel}","templated":true}]}}