{"id":1956,"date":"2023-10-30T11:23:52","date_gmt":"2023-10-30T10:23:52","guid":{"rendered":"https:\/\/5er-gin.ch\/produkt\/5-gin-sec-vol-44-50cl\/"},"modified":"2023-10-30T11:23:52","modified_gmt":"2023-10-30T10:23:52","slug":"5-gin-sec-vol-44-50cl","status":"publish","type":"product","link":"https:\/\/5er-gin.ch\/fr\/produkt\/5-gin-sec-vol-44-50cl\/","title":{"rendered":"5 gin sec, vol. 44%, 50cl"},"content":{"rendered":"<p>Le 5 Dry Gin est un gin digeste issu d&rsquo;une recette unique. Les botaniques s\u00e9lectionn\u00e9s et le mode de fabrication sp\u00e9cial garantissent un gin savoureux. La note essentielle de l&rsquo;orange fra\u00eeche combin\u00e9e \u00e0 d&rsquo;autres ingr\u00e9dients offre une exp\u00e9rience gustative unique, d\u00e9crite comme le \u00ab\u00a0gin de la vie\u00a0\u00bb. La fabrication soign\u00e9e promet un plaisir incomparable pour des moments particuliers.<\/p>\n","protected":false},"excerpt":{"rendered":"<p>Le gin 5 est un gin digeste issu d&rsquo;une recette unique. La combinaison de botaniques s\u00e9lectionn\u00e9s et la fabrication unique garantissent un gin savoureux. La note \u00e9th\u00e9r\u00e9e de l&rsquo;orange fra\u00eeche se m\u00eale aux autres ingr\u00e9dients pour cr\u00e9er une exp\u00e9rience gustative unique &#8211; le gin de la vie.<\/p>\n","protected":false},"featured_media":1958,"comment_status":"open","ping_status":"closed","template":"","meta":[],"product_brand":[],"product_cat":[47],"product_tag":[],"class_list":{"0":"post-1956","1":"product","2":"type-product","3":"status-publish","4":"has-post-thumbnail","6":"product_cat-non-classifiee","7":"product_shipping_class-5er-gin-fr","9":"first","10":"instock","11":"shipping-taxable","12":"purchasable","13":"product-type-simple","14":"add-to-wishlist-before_add_to_cart"},"yoast_head":"<!-- This site is optimized with the Yoast SEO plugin v27.6 - https:\/\/yoast.com\/product\/yoast-seo-wordpress\/ -->\n<title>5 gin sec, vol. 44%, 50cl - 5er GmbH<\/title>\n<meta name=\"robots\" content=\"index, follow, max-snippet:-1, max-image-preview:large, max-video-preview:-1\" \/>\n<link rel=\"canonical\" href=\"https:\/\/5er-gin.ch\/produkt\/5-gin-sec-vol-44-50cl\/\" \/>\n<meta property=\"og:locale\" content=\"fr_FR\" \/>\n<meta property=\"og:type\" content=\"article\" \/>\n<meta property=\"og:title\" content=\"5 gin sec, vol. 44%, 50cl - 5er GmbH\" \/>\n<meta property=\"og:description\" content=\"Le gin 5 est un gin digeste issu d&#039;une recette unique. La combinaison de botaniques s\u00e9lectionn\u00e9s et la fabrication unique garantissent un gin savoureux. La note \u00e9th\u00e9r\u00e9e de l&#039;orange fra\u00eeche se m\u00eale aux autres ingr\u00e9dients pour cr\u00e9er une exp\u00e9rience gustative unique - le gin de la vie.\" \/>\n<meta property=\"og:url\" content=\"https:\/\/5er-gin.ch\/produkt\/5-gin-sec-vol-44-50cl\/\" \/>\n<meta property=\"og:site_name\" content=\"5er GmbH\" \/>\n<meta name=\"twitter:card\" content=\"summary_large_image\" \/>\n<script type=\"application\/ld+json\" class=\"yoast-schema-graph\">{\"@context\":\"https:\\\/\\\/schema.org\",\"@graph\":[{\"@type\":\"WebPage\",\"@id\":\"https:\\\/\\\/5er-gin.ch\\\/produkt\\\/5-gin-sec-vol-44-50cl\\\/\",\"url\":\"https:\\\/\\\/5er-gin.ch\\\/produkt\\\/5-gin-sec-vol-44-50cl\\\/\",\"name\":\"5 gin sec, vol. 44%, 50cl - 5er GmbH\",\"isPartOf\":{\"@id\":\"https:\\\/\\\/5er-gin.ch\\\/#website\"},\"primaryImageOfPage\":{\"@id\":\"https:\\\/\\\/5er-gin.ch\\\/produkt\\\/5-gin-sec-vol-44-50cl\\\/#primaryimage\"},\"image\":{\"@id\":\"https:\\\/\\\/5er-gin.ch\\\/produkt\\\/5-gin-sec-vol-44-50cl\\\/#primaryimage\"},\"thumbnailUrl\":\"https:\\\/\\\/5er-gin.ch\\\/wp-content\\\/uploads\\\/2023\\\/10\\\/producy-image.png\",\"datePublished\":\"2023-10-30T10:23:52+00:00\",\"breadcrumb\":{\"@id\":\"https:\\\/\\\/5er-gin.ch\\\/produkt\\\/5-gin-sec-vol-44-50cl\\\/#breadcrumb\"},\"inLanguage\":\"fr-FR\",\"potentialAction\":[{\"@type\":\"ReadAction\",\"target\":[\"https:\\\/\\\/5er-gin.ch\\\/produkt\\\/5-gin-sec-vol-44-50cl\\\/\"]}]},{\"@type\":\"ImageObject\",\"inLanguage\":\"fr-FR\",\"@id\":\"https:\\\/\\\/5er-gin.ch\\\/produkt\\\/5-gin-sec-vol-44-50cl\\\/#primaryimage\",\"url\":\"https:\\\/\\\/5er-gin.ch\\\/wp-content\\\/uploads\\\/2023\\\/10\\\/producy-image.png\",\"contentUrl\":\"https:\\\/\\\/5er-gin.ch\\\/wp-content\\\/uploads\\\/2023\\\/10\\\/producy-image.png\",\"width\":540,\"height\":540},{\"@type\":\"BreadcrumbList\",\"@id\":\"https:\\\/\\\/5er-gin.ch\\\/produkt\\\/5-gin-sec-vol-44-50cl\\\/#breadcrumb\",\"itemListElement\":[{\"@type\":\"ListItem\",\"position\":1,\"name\":\"Startseite\",\"item\":\"https:\\\/\\\/5er-gin.ch\\\/\"},{\"@type\":\"ListItem\",\"position\":2,\"name\":\"Shop\",\"item\":\"https:\\\/\\\/5er-gin.ch\\\/fr\\\/boutique\\\/\"},{\"@type\":\"ListItem\",\"position\":3,\"name\":\"5 gin sec, vol. 44%, 50cl\"}]},{\"@type\":\"WebSite\",\"@id\":\"https:\\\/\\\/5er-gin.ch\\\/#website\",\"url\":\"https:\\\/\\\/5er-gin.ch\\\/\",\"name\":\"5er GmbH\",\"description\":\"\",\"publisher\":{\"@id\":\"https:\\\/\\\/5er-gin.ch\\\/#organization\"},\"potentialAction\":[{\"@type\":\"SearchAction\",\"target\":{\"@type\":\"EntryPoint\",\"urlTemplate\":\"https:\\\/\\\/5er-gin.ch\\\/?s={search_term_string}\"},\"query-input\":{\"@type\":\"PropertyValueSpecification\",\"valueRequired\":true,\"valueName\":\"search_term_string\"}}],\"inLanguage\":\"fr-FR\"},{\"@type\":\"Organization\",\"@id\":\"https:\\\/\\\/5er-gin.ch\\\/#organization\",\"name\":\"5er GmbH\",\"url\":\"https:\\\/\\\/5er-gin.ch\\\/\",\"logo\":{\"@type\":\"ImageObject\",\"inLanguage\":\"fr-FR\",\"@id\":\"https:\\\/\\\/5er-gin.ch\\\/#\\\/schema\\\/logo\\\/image\\\/\",\"url\":\"https:\\\/\\\/5er-gin.ch\\\/wp-content\\\/uploads\\\/2023\\\/10\\\/fhfhrt-1.svg\",\"contentUrl\":\"https:\\\/\\\/5er-gin.ch\\\/wp-content\\\/uploads\\\/2023\\\/10\\\/fhfhrt-1.svg\",\"width\":430,\"height\":453,\"caption\":\"5er GmbH\"},\"image\":{\"@id\":\"https:\\\/\\\/5er-gin.ch\\\/#\\\/schema\\\/logo\\\/image\\\/\"}}]}<\/script>\n<!-- \/ Yoast SEO plugin. -->","yoast_head_json":{"title":"5 gin sec, vol. 44%, 50cl - 5er GmbH","robots":{"index":"index","follow":"follow","max-snippet":"max-snippet:-1","max-image-preview":"max-image-preview:large","max-video-preview":"max-video-preview:-1"},"canonical":"https:\/\/5er-gin.ch\/produkt\/5-gin-sec-vol-44-50cl\/","og_locale":"fr_FR","og_type":"article","og_title":"5 gin sec, vol. 44%, 50cl - 5er GmbH","og_description":"Le gin 5 est un gin digeste issu d'une recette unique. La combinaison de botaniques s\u00e9lectionn\u00e9s et la fabrication unique garantissent un gin savoureux. La note \u00e9th\u00e9r\u00e9e de l'orange fra\u00eeche se m\u00eale aux autres ingr\u00e9dients pour cr\u00e9er une exp\u00e9rience gustative unique - le gin de la vie.","og_url":"https:\/\/5er-gin.ch\/produkt\/5-gin-sec-vol-44-50cl\/","og_site_name":"5er GmbH","twitter_card":"summary_large_image","schema":{"@context":"https:\/\/schema.org","@graph":[{"@type":"WebPage","@id":"https:\/\/5er-gin.ch\/produkt\/5-gin-sec-vol-44-50cl\/","url":"https:\/\/5er-gin.ch\/produkt\/5-gin-sec-vol-44-50cl\/","name":"5 gin sec, vol. 44%, 50cl - 5er GmbH","isPartOf":{"@id":"https:\/\/5er-gin.ch\/#website"},"primaryImageOfPage":{"@id":"https:\/\/5er-gin.ch\/produkt\/5-gin-sec-vol-44-50cl\/#primaryimage"},"image":{"@id":"https:\/\/5er-gin.ch\/produkt\/5-gin-sec-vol-44-50cl\/#primaryimage"},"thumbnailUrl":"https:\/\/5er-gin.ch\/wp-content\/uploads\/2023\/10\/producy-image.png","datePublished":"2023-10-30T10:23:52+00:00","breadcrumb":{"@id":"https:\/\/5er-gin.ch\/produkt\/5-gin-sec-vol-44-50cl\/#breadcrumb"},"inLanguage":"fr-FR","potentialAction":[{"@type":"ReadAction","target":["https:\/\/5er-gin.ch\/produkt\/5-gin-sec-vol-44-50cl\/"]}]},{"@type":"ImageObject","inLanguage":"fr-FR","@id":"https:\/\/5er-gin.ch\/produkt\/5-gin-sec-vol-44-50cl\/#primaryimage","url":"https:\/\/5er-gin.ch\/wp-content\/uploads\/2023\/10\/producy-image.png","contentUrl":"https:\/\/5er-gin.ch\/wp-content\/uploads\/2023\/10\/producy-image.png","width":540,"height":540},{"@type":"BreadcrumbList","@id":"https:\/\/5er-gin.ch\/produkt\/5-gin-sec-vol-44-50cl\/#breadcrumb","itemListElement":[{"@type":"ListItem","position":1,"name":"Startseite","item":"https:\/\/5er-gin.ch\/"},{"@type":"ListItem","position":2,"name":"Shop","item":"https:\/\/5er-gin.ch\/fr\/boutique\/"},{"@type":"ListItem","position":3,"name":"5 gin sec, vol. 44%, 50cl"}]},{"@type":"WebSite","@id":"https:\/\/5er-gin.ch\/#website","url":"https:\/\/5er-gin.ch\/","name":"5er GmbH","description":"","publisher":{"@id":"https:\/\/5er-gin.ch\/#organization"},"potentialAction":[{"@type":"SearchAction","target":{"@type":"EntryPoint","urlTemplate":"https:\/\/5er-gin.ch\/?s={search_term_string}"},"query-input":{"@type":"PropertyValueSpecification","valueRequired":true,"valueName":"search_term_string"}}],"inLanguage":"fr-FR"},{"@type":"Organization","@id":"https:\/\/5er-gin.ch\/#organization","name":"5er GmbH","url":"https:\/\/5er-gin.ch\/","logo":{"@type":"ImageObject","inLanguage":"fr-FR","@id":"https:\/\/5er-gin.ch\/#\/schema\/logo\/image\/","url":"https:\/\/5er-gin.ch\/wp-content\/uploads\/2023\/10\/fhfhrt-1.svg","contentUrl":"https:\/\/5er-gin.ch\/wp-content\/uploads\/2023\/10\/fhfhrt-1.svg","width":430,"height":453,"caption":"5er GmbH"},"image":{"@id":"https:\/\/5er-gin.ch\/#\/schema\/logo\/image\/"}}]}},"_links":{"self":[{"href":"https:\/\/5er-gin.ch\/fr\/wp-json\/wp\/v2\/product\/1956","targetHints":{"allow":["GET"]}}],"collection":[{"href":"https:\/\/5er-gin.ch\/fr\/wp-json\/wp\/v2\/product"}],"about":[{"href":"https:\/\/5er-gin.ch\/fr\/wp-json\/wp\/v2\/types\/product"}],"replies":[{"embeddable":true,"href":"https:\/\/5er-gin.ch\/fr\/wp-json\/wp\/v2\/comments?post=1956"}],"wp:featuredmedia":[{"embeddable":true,"href":"https:\/\/5er-gin.ch\/fr\/wp-json\/wp\/v2\/media\/1958"}],"wp:attachment":[{"href":"https:\/\/5er-gin.ch\/fr\/wp-json\/wp\/v2\/media?parent=1956"}],"wp:term":[{"taxonomy":"product_brand","embeddable":true,"href":"https:\/\/5er-gin.ch\/fr\/wp-json\/wp\/v2\/product_brand?post=1956"},{"taxonomy":"product_cat","embeddable":true,"href":"https:\/\/5er-gin.ch\/fr\/wp-json\/wp\/v2\/product_cat?post=1956"},{"taxonomy":"product_tag","embeddable":true,"href":"https:\/\/5er-gin.ch\/fr\/wp-json\/wp\/v2\/product_tag?post=1956"}],"curies":[{"name":"wp","href":"https:\/\/api.w.org\/{rel}","templated":true}]}}