{"id":2035,"date":"2024-10-29T12:50:46","date_gmt":"2024-10-29T11:50:46","guid":{"rendered":"https:\/\/5er-gin.ch\/?post_type=product&#038;p=2035"},"modified":"2024-11-05T11:02:30","modified_gmt":"2024-11-05T10:02:30","slug":"coffret-cadeau","status":"publish","type":"product","link":"https:\/\/5er-gin.ch\/fr\/produkt\/coffret-cadeau\/","title":{"rendered":"Coffret cadeau"},"content":{"rendered":"<p>Offrez une exp\u00e9rience qui dure &#8211; le cadeau parfait pour No\u00ebl, un anniversaire ou en signe de v\u00e9ritable amiti\u00e9 !<br \/>\nPr\u00e9sent\u00e9 dans un coffret en bois, fabriqu\u00e9 avec amour et soin dans les ateliers VEBO &#8211; \u00e9l\u00e9gant et durable.<br \/>\n\u00c0 l&rsquo;int\u00e9rieur se trouve un distributeur souffl\u00e9 \u00e0 la bouche qui garantit le rapport de m\u00e9lange id\u00e9al pour un gin tonic incomparable.<br \/>\nUn cadeau qui allie plaisir et moments privil\u00e9gi\u00e9s \u2013 pour ceux qui m\u00e9ritent quelque chose de sp\u00e9cial.<\/p>\n","protected":false},"excerpt":{"rendered":"<p>Offrez une exp\u00e9rience qui dure &#8211; le cadeau parfait pour No\u00ebl, un anniversaire ou en signe de v\u00e9ritable amiti\u00e9 !<br \/>\nPr\u00e9sent\u00e9 dans un coffret en bois, fabriqu\u00e9 avec amour et soin dans les ateliers VEBO &#8211; \u00e9l\u00e9gant et durable.<br \/>\n\u00c0 l&rsquo;int\u00e9rieur se trouve un distributeur souffl\u00e9 \u00e0 la bouche qui garantit le rapport de m\u00e9lange id\u00e9al pour un gin tonic incomparable.<br \/>\nUn cadeau qui allie plaisir et moments privil\u00e9gi\u00e9s \u2013 pour ceux qui m\u00e9ritent quelque chose de sp\u00e9cial.<\/p>\n","protected":false},"featured_media":2032,"comment_status":"open","ping_status":"closed","template":"","meta":[],"product_brand":[],"product_cat":[],"product_tag":[],"class_list":{"0":"post-2035","1":"product","2":"type-product","3":"status-publish","4":"has-post-thumbnail","7":"first","8":"instock","9":"shipping-taxable","10":"purchasable","11":"product-type-simple","12":"add-to-wishlist-before_add_to_cart"},"yoast_head":"<!-- This site is optimized with the Yoast SEO plugin v27.6 - https:\/\/yoast.com\/product\/yoast-seo-wordpress\/ -->\n<title>Coffret cadeau - 5er GmbH<\/title>\n<meta name=\"robots\" content=\"index, follow, max-snippet:-1, max-image-preview:large, max-video-preview:-1\" \/>\n<link rel=\"canonical\" href=\"https:\/\/5er-gin.ch\/fr\/produkt\/coffret-cadeau\/\" \/>\n<meta property=\"og:locale\" content=\"fr_FR\" \/>\n<meta property=\"og:type\" content=\"article\" \/>\n<meta property=\"og:title\" content=\"Coffret cadeau - 5er GmbH\" \/>\n<meta property=\"og:description\" content=\"Offrez une exp\u00e9rience qui dure - le cadeau parfait pour No\u00ebl, un anniversaire ou en signe de v\u00e9ritable amiti\u00e9 ! Pr\u00e9sent\u00e9 dans un coffret en bois, fabriqu\u00e9 avec amour et soin dans les ateliers VEBO - \u00e9l\u00e9gant et durable. \u00c0 l&#039;int\u00e9rieur se trouve un distributeur souffl\u00e9 \u00e0 la bouche qui garantit le rapport de m\u00e9lange id\u00e9al pour un gin tonic incomparable. Un cadeau qui allie plaisir et moments privil\u00e9gi\u00e9s \u2013 pour ceux qui m\u00e9ritent quelque chose de sp\u00e9cial.\" \/>\n<meta property=\"og:url\" content=\"https:\/\/5er-gin.ch\/fr\/produkt\/coffret-cadeau\/\" \/>\n<meta property=\"og:site_name\" content=\"5er GmbH\" \/>\n<meta property=\"article:modified_time\" content=\"2024-11-05T10:02:30+00:00\" \/>\n<meta property=\"og:image\" content=\"https:\/\/5er-gin.ch\/wp-content\/uploads\/2024\/10\/Geschenkbox_3.jpg\" \/>\n\t<meta property=\"og:image:width\" content=\"800\" \/>\n\t<meta property=\"og:image:height\" content=\"800\" \/>\n\t<meta property=\"og:image:type\" content=\"image\/jpeg\" \/>\n<meta name=\"twitter:card\" content=\"summary_large_image\" \/>\n<meta name=\"twitter:label1\" content=\"Dur\u00e9e de lecture estim\u00e9e\" \/>\n\t<meta name=\"twitter:data1\" content=\"1 minute\" \/>\n<script type=\"application\/ld+json\" class=\"yoast-schema-graph\">{\"@context\":\"https:\\\/\\\/schema.org\",\"@graph\":[{\"@type\":\"WebPage\",\"@id\":\"https:\\\/\\\/5er-gin.ch\\\/fr\\\/produkt\\\/coffret-cadeau\\\/\",\"url\":\"https:\\\/\\\/5er-gin.ch\\\/fr\\\/produkt\\\/coffret-cadeau\\\/\",\"name\":\"Coffret cadeau - 5er GmbH\",\"isPartOf\":{\"@id\":\"https:\\\/\\\/5er-gin.ch\\\/#website\"},\"primaryImageOfPage\":{\"@id\":\"https:\\\/\\\/5er-gin.ch\\\/fr\\\/produkt\\\/coffret-cadeau\\\/#primaryimage\"},\"image\":{\"@id\":\"https:\\\/\\\/5er-gin.ch\\\/fr\\\/produkt\\\/coffret-cadeau\\\/#primaryimage\"},\"thumbnailUrl\":\"https:\\\/\\\/5er-gin.ch\\\/wp-content\\\/uploads\\\/2024\\\/10\\\/Geschenkbox_3.jpg\",\"datePublished\":\"2024-10-29T11:50:46+00:00\",\"dateModified\":\"2024-11-05T10:02:30+00:00\",\"breadcrumb\":{\"@id\":\"https:\\\/\\\/5er-gin.ch\\\/fr\\\/produkt\\\/coffret-cadeau\\\/#breadcrumb\"},\"inLanguage\":\"fr-FR\",\"potentialAction\":[{\"@type\":\"ReadAction\",\"target\":[\"https:\\\/\\\/5er-gin.ch\\\/fr\\\/produkt\\\/coffret-cadeau\\\/\"]}]},{\"@type\":\"ImageObject\",\"inLanguage\":\"fr-FR\",\"@id\":\"https:\\\/\\\/5er-gin.ch\\\/fr\\\/produkt\\\/coffret-cadeau\\\/#primaryimage\",\"url\":\"https:\\\/\\\/5er-gin.ch\\\/wp-content\\\/uploads\\\/2024\\\/10\\\/Geschenkbox_3.jpg\",\"contentUrl\":\"https:\\\/\\\/5er-gin.ch\\\/wp-content\\\/uploads\\\/2024\\\/10\\\/Geschenkbox_3.jpg\",\"width\":800,\"height\":800},{\"@type\":\"BreadcrumbList\",\"@id\":\"https:\\\/\\\/5er-gin.ch\\\/fr\\\/produkt\\\/coffret-cadeau\\\/#breadcrumb\",\"itemListElement\":[{\"@type\":\"ListItem\",\"position\":1,\"name\":\"Startseite\",\"item\":\"https:\\\/\\\/5er-gin.ch\\\/\"},{\"@type\":\"ListItem\",\"position\":2,\"name\":\"Shop\",\"item\":\"https:\\\/\\\/5er-gin.ch\\\/fr\\\/boutique\\\/\"},{\"@type\":\"ListItem\",\"position\":3,\"name\":\"Coffret cadeau\"}]},{\"@type\":\"WebSite\",\"@id\":\"https:\\\/\\\/5er-gin.ch\\\/#website\",\"url\":\"https:\\\/\\\/5er-gin.ch\\\/\",\"name\":\"5er GmbH\",\"description\":\"\",\"publisher\":{\"@id\":\"https:\\\/\\\/5er-gin.ch\\\/#organization\"},\"potentialAction\":[{\"@type\":\"SearchAction\",\"target\":{\"@type\":\"EntryPoint\",\"urlTemplate\":\"https:\\\/\\\/5er-gin.ch\\\/?s={search_term_string}\"},\"query-input\":{\"@type\":\"PropertyValueSpecification\",\"valueRequired\":true,\"valueName\":\"search_term_string\"}}],\"inLanguage\":\"fr-FR\"},{\"@type\":\"Organization\",\"@id\":\"https:\\\/\\\/5er-gin.ch\\\/#organization\",\"name\":\"5er GmbH\",\"url\":\"https:\\\/\\\/5er-gin.ch\\\/\",\"logo\":{\"@type\":\"ImageObject\",\"inLanguage\":\"fr-FR\",\"@id\":\"https:\\\/\\\/5er-gin.ch\\\/#\\\/schema\\\/logo\\\/image\\\/\",\"url\":\"https:\\\/\\\/5er-gin.ch\\\/wp-content\\\/uploads\\\/2023\\\/10\\\/fhfhrt-1.svg\",\"contentUrl\":\"https:\\\/\\\/5er-gin.ch\\\/wp-content\\\/uploads\\\/2023\\\/10\\\/fhfhrt-1.svg\",\"width\":430,\"height\":453,\"caption\":\"5er GmbH\"},\"image\":{\"@id\":\"https:\\\/\\\/5er-gin.ch\\\/#\\\/schema\\\/logo\\\/image\\\/\"}}]}<\/script>\n<!-- \/ Yoast SEO plugin. -->","yoast_head_json":{"title":"Coffret cadeau - 5er GmbH","robots":{"index":"index","follow":"follow","max-snippet":"max-snippet:-1","max-image-preview":"max-image-preview:large","max-video-preview":"max-video-preview:-1"},"canonical":"https:\/\/5er-gin.ch\/fr\/produkt\/coffret-cadeau\/","og_locale":"fr_FR","og_type":"article","og_title":"Coffret cadeau - 5er GmbH","og_description":"Offrez une exp\u00e9rience qui dure - le cadeau parfait pour No\u00ebl, un anniversaire ou en signe de v\u00e9ritable amiti\u00e9 ! Pr\u00e9sent\u00e9 dans un coffret en bois, fabriqu\u00e9 avec amour et soin dans les ateliers VEBO - \u00e9l\u00e9gant et durable. \u00c0 l'int\u00e9rieur se trouve un distributeur souffl\u00e9 \u00e0 la bouche qui garantit le rapport de m\u00e9lange id\u00e9al pour un gin tonic incomparable. Un cadeau qui allie plaisir et moments privil\u00e9gi\u00e9s \u2013 pour ceux qui m\u00e9ritent quelque chose de sp\u00e9cial.","og_url":"https:\/\/5er-gin.ch\/fr\/produkt\/coffret-cadeau\/","og_site_name":"5er GmbH","article_modified_time":"2024-11-05T10:02:30+00:00","og_image":[{"width":800,"height":800,"url":"https:\/\/5er-gin.ch\/wp-content\/uploads\/2024\/10\/Geschenkbox_3.jpg","type":"image\/jpeg"}],"twitter_card":"summary_large_image","twitter_misc":{"Dur\u00e9e de lecture estim\u00e9e":"1 minute"},"schema":{"@context":"https:\/\/schema.org","@graph":[{"@type":"WebPage","@id":"https:\/\/5er-gin.ch\/fr\/produkt\/coffret-cadeau\/","url":"https:\/\/5er-gin.ch\/fr\/produkt\/coffret-cadeau\/","name":"Coffret cadeau - 5er GmbH","isPartOf":{"@id":"https:\/\/5er-gin.ch\/#website"},"primaryImageOfPage":{"@id":"https:\/\/5er-gin.ch\/fr\/produkt\/coffret-cadeau\/#primaryimage"},"image":{"@id":"https:\/\/5er-gin.ch\/fr\/produkt\/coffret-cadeau\/#primaryimage"},"thumbnailUrl":"https:\/\/5er-gin.ch\/wp-content\/uploads\/2024\/10\/Geschenkbox_3.jpg","datePublished":"2024-10-29T11:50:46+00:00","dateModified":"2024-11-05T10:02:30+00:00","breadcrumb":{"@id":"https:\/\/5er-gin.ch\/fr\/produkt\/coffret-cadeau\/#breadcrumb"},"inLanguage":"fr-FR","potentialAction":[{"@type":"ReadAction","target":["https:\/\/5er-gin.ch\/fr\/produkt\/coffret-cadeau\/"]}]},{"@type":"ImageObject","inLanguage":"fr-FR","@id":"https:\/\/5er-gin.ch\/fr\/produkt\/coffret-cadeau\/#primaryimage","url":"https:\/\/5er-gin.ch\/wp-content\/uploads\/2024\/10\/Geschenkbox_3.jpg","contentUrl":"https:\/\/5er-gin.ch\/wp-content\/uploads\/2024\/10\/Geschenkbox_3.jpg","width":800,"height":800},{"@type":"BreadcrumbList","@id":"https:\/\/5er-gin.ch\/fr\/produkt\/coffret-cadeau\/#breadcrumb","itemListElement":[{"@type":"ListItem","position":1,"name":"Startseite","item":"https:\/\/5er-gin.ch\/"},{"@type":"ListItem","position":2,"name":"Shop","item":"https:\/\/5er-gin.ch\/fr\/boutique\/"},{"@type":"ListItem","position":3,"name":"Coffret cadeau"}]},{"@type":"WebSite","@id":"https:\/\/5er-gin.ch\/#website","url":"https:\/\/5er-gin.ch\/","name":"5er GmbH","description":"","publisher":{"@id":"https:\/\/5er-gin.ch\/#organization"},"potentialAction":[{"@type":"SearchAction","target":{"@type":"EntryPoint","urlTemplate":"https:\/\/5er-gin.ch\/?s={search_term_string}"},"query-input":{"@type":"PropertyValueSpecification","valueRequired":true,"valueName":"search_term_string"}}],"inLanguage":"fr-FR"},{"@type":"Organization","@id":"https:\/\/5er-gin.ch\/#organization","name":"5er GmbH","url":"https:\/\/5er-gin.ch\/","logo":{"@type":"ImageObject","inLanguage":"fr-FR","@id":"https:\/\/5er-gin.ch\/#\/schema\/logo\/image\/","url":"https:\/\/5er-gin.ch\/wp-content\/uploads\/2023\/10\/fhfhrt-1.svg","contentUrl":"https:\/\/5er-gin.ch\/wp-content\/uploads\/2023\/10\/fhfhrt-1.svg","width":430,"height":453,"caption":"5er GmbH"},"image":{"@id":"https:\/\/5er-gin.ch\/#\/schema\/logo\/image\/"}}]}},"_links":{"self":[{"href":"https:\/\/5er-gin.ch\/fr\/wp-json\/wp\/v2\/product\/2035","targetHints":{"allow":["GET"]}}],"collection":[{"href":"https:\/\/5er-gin.ch\/fr\/wp-json\/wp\/v2\/product"}],"about":[{"href":"https:\/\/5er-gin.ch\/fr\/wp-json\/wp\/v2\/types\/product"}],"replies":[{"embeddable":true,"href":"https:\/\/5er-gin.ch\/fr\/wp-json\/wp\/v2\/comments?post=2035"}],"wp:featuredmedia":[{"embeddable":true,"href":"https:\/\/5er-gin.ch\/fr\/wp-json\/wp\/v2\/media\/2032"}],"wp:attachment":[{"href":"https:\/\/5er-gin.ch\/fr\/wp-json\/wp\/v2\/media?parent=2035"}],"wp:term":[{"taxonomy":"product_brand","embeddable":true,"href":"https:\/\/5er-gin.ch\/fr\/wp-json\/wp\/v2\/product_brand?post=2035"},{"taxonomy":"product_cat","embeddable":true,"href":"https:\/\/5er-gin.ch\/fr\/wp-json\/wp\/v2\/product_cat?post=2035"},{"taxonomy":"product_tag","embeddable":true,"href":"https:\/\/5er-gin.ch\/fr\/wp-json\/wp\/v2\/product_tag?post=2035"}],"curies":[{"name":"wp","href":"https:\/\/api.w.org\/{rel}","templated":true}]}}